{"id":16,"date":"2020-07-23T16:09:50","date_gmt":"2020-07-23T14:09:50","guid":{"rendered":"http:\/\/dj-anditower-gera.de\/?page_id=16"},"modified":"2024-10-22T12:49:53","modified_gmt":"2024-10-22T10:49:53","slug":"impressum","status":"publish","type":"page","link":"https:\/\/dj-anditower-gera.de\/index.php\/impressum\/","title":{"rendered":"Impressum"},"content":{"rendered":"<p>[et_pb_section fb_built=&#8220;1&#8243; admin_label=&#8220;Header&#8220; _builder_version=&#8220;4.16&#8243; use_background_color_gradient=&#8220;on&#8220; background_color_gradient_direction=&#8220;142deg&#8220; background_color_gradient_stops=&#8220;rgba(255,150,241,0.47) 0%|#26033f 100%&#8220; background_color_gradient_overlays_image=&#8220;on&#8220; background_color_gradient_start=&#8220;rgba(255,150,241,0.47)&#8220; background_color_gradient_end=&#8220;#26033f&#8220; background_enable_image=&#8220;off&#8220; custom_padding=&#8220;6vw||0px|||&#8220; locked=&#8220;off&#8220; global_colors_info=&#8220;{}&#8220;][et_pb_row _builder_version=&#8220;4.16&#8243; max_width=&#8220;none&#8220; custom_margin=&#8220;2vw|auto||auto||&#8220; custom_margin_tablet=&#8220;0vw||&#8220; custom_margin_last_edited=&#8220;off|desktop&#8220; custom_padding=&#8220;0px||0px||true&#8220; mix_blend_mode=&#8220;overlay&#8220; locked=&#8220;off&#8220; global_colors_info=&#8220;{}&#8220;][et_pb_column type=&#8220;4_4&#8243; _builder_version=&#8220;4.16&#8243; global_colors_info=&#8220;{}&#8220;][et_pb_text _builder_version=&#8220;4.16&#8243; text_font=&#8220;||||||||&#8220; header_font=&#8220;||||||||&#8220; header_2_font=&#8220;Roboto|800||on|||||&#8220; header_2_font_size=&#8220;9vw&#8220; header_2_letter_spacing=&#8220;0.1em&#8220; transform_scale_tablet=&#8220;&#8220; transform_scale_phone=&#8220;&#8220; transform_scale_last_edited=&#8220;on|desktop&#8220; transform_translate=&#8220;4em|0px&#8220; transform_translate_tablet=&#8220;&#8220; transform_translate_phone=&#8220;0em|0px&#8220; transform_translate_last_edited=&#8220;on|desktop&#8220; transform_translate_linked=&#8220;off&#8220; transform_rotate_tablet=&#8220;&#8220; transform_rotate_phone=&#8220;&#8220; transform_rotate_last_edited=&#8220;on|desktop&#8220; transform_skew_tablet=&#8220;&#8220; transform_skew_phone=&#8220;&#8220; transform_skew_last_edited=&#8220;on|desktop&#8220; transform_origin_tablet=&#8220;&#8220; transform_origin_phone=&#8220;&#8220; transform_origin_last_edited=&#8220;on|desktop&#8220; transform_styles_last_edited=&#8220;on|desktop&#8220; text_orientation=&#8220;center&#8220; background_layout=&#8220;dark&#8220; filter_opacity=&#8220;38%&#8220; header_2_font_size_tablet=&#8220;&#8220; header_2_font_size_phone=&#8220;&#8220; header_2_font_size_last_edited=&#8220;on|phone&#8220; transform_styles_tablet=&#8220;&#8220; transform_styles_phone=&#8220;&#8220; header_2_text_shadow_style=&#8220;preset3&#8243; header_2_text_shadow_color=&#8220;#000000&#8243; text_text_align=&#8220;center&#8220; global_colors_info=&#8220;{}&#8220;]<\/p>\n<h2>DJ<\/h2>\n<p>[\/et_pb_text][\/et_pb_column][\/et_pb_row][et_pb_row _builder_version=&#8220;4.16&#8243; max_width=&#8220;none&#8220; custom_padding=&#8220;0px||0px||true|&#8220; locked=&#8220;off&#8220; global_colors_info=&#8220;{}&#8220;][et_pb_column type=&#8220;4_4&#8243; _builder_version=&#8220;4.16&#8243; global_colors_info=&#8220;{}&#8220;][et_pb_text _builder_version=&#8220;4.16&#8243; text_font=&#8220;||||||||&#8220; header_font=&#8220;Roboto|800||on|||||&#8220; header_font_size=&#8220;6vw&#8220; header_letter_spacing=&#8220;0.2em&#8220; header_line_height=&#8220;1.1em&#8220; text_orientation=&#8220;center&#8220; background_layout=&#8220;dark&#8220; custom_margin=&#8220;-3vw|||||&#8220; header_font_size_tablet=&#8220;&#8220; header_font_size_phone=&#8220;36px&#8220; header_font_size_last_edited=&#8220;on|phone&#8220; header_letter_spacing_tablet=&#8220;&#8220; header_letter_spacing_phone=&#8220;0em&#8220; header_letter_spacing_last_edited=&#8220;on|desktop&#8220; header_text_shadow_style=&#8220;preset3&#8243; header_text_shadow_vertical_length=&#8220;-0.03em&#8220; header_text_shadow_blur_strength=&#8220;0.15em&#8220; text_text_align=&#8220;center&#8220; global_colors_info=&#8220;{}&#8220;]<\/p>\n<h1>Anditower<\/h1>\n<p>[\/et_pb_text][\/et_pb_column][\/et_pb_row][et_pb_row make_equal=&#8220;on&#8220; custom_padding_last_edited=&#8220;on|desktop&#8220; _builder_version=&#8220;4.16&#8243; background_color=&#8220;#ffffff&#8220; custom_margin=&#8220;60px||&#8220; custom_padding=&#8220;60px|60px|0px|60px|false|true&#8220; custom_padding_tablet=&#8220;&#8220; custom_padding_phone=&#8220;40px|20px||20px||true&#8220; box_shadow_style=&#8220;preset4&#8243; box_shadow_horizontal=&#8220;-20vw&#8220; box_shadow_vertical=&#8220;0px&#8220; box_shadow_color=&#8220;#ffffff&#8220; global_colors_info=&#8220;{}&#8220;][et_pb_column type=&#8220;4_4&#8243; _builder_version=&#8220;4.16&#8243; global_colors_info=&#8220;{}&#8220;][et_pb_text _builder_version=&#8220;4.16&#8243; text_font=&#8220;||||||||&#8220; text_font_size=&#8220;16px&#8220; text_line_height=&#8220;1.8em&#8220; header_font=&#8220;|700|||||||&#8220; header_font_size=&#8220;40px&#8220; text_orientation=&#8220;center&#8220; max_width=&#8220;760px&#8220; module_alignment=&#8220;center&#8220; text_text_align=&#8220;center&#8220; locked=&#8220;off&#8220; global_colors_info=&#8220;{}&#8220; text_text_align_phone=&#8220;left&#8220; text_text_align_last_edited=&#8220;on|phone&#8220; text_text_align_tablet=&#8220;center&#8220;]<\/p>\n<h1>Impressum<\/h1>\n<p>[\/et_pb_text][\/et_pb_column][\/et_pb_row][\/et_pb_section][et_pb_section fb_built=&#8220;1&#8243; admin_label=&#8220;Pricing&#8220; _builder_version=&#8220;4.16&#8243; global_colors_info=&#8220;{}&#8220;][et_pb_row _builder_version=&#8220;4.16&#8243; max_width=&#8220;800px&#8220; global_colors_info=&#8220;{}&#8220;][et_pb_column type=&#8220;4_4&#8243; _builder_version=&#8220;4.16&#8243; global_colors_info=&#8220;{}&#8220;][et_pb_divider color=&#8220;#110159&#8243; divider_style=&#8220;dotted&#8220; divider_weight=&#8220;5px&#8220; _builder_version=&#8220;4.16&#8243; global_colors_info=&#8220;{}&#8220;][\/et_pb_divider][et_pb_text _builder_version=&#8220;4.19.4&#8243; text_font_size=&#8220;12px&#8220; hover_enabled=&#8220;0&#8243; global_colors_info=&#8220;{}&#8220; sticky_enabled=&#8220;0&#8243;]<\/p>\n<p>\u201eDJ Anditower\u201c<\/p>\n<p>Inhaber: Andreas Jehmlich<\/p>\n<p>Friedrich-Engels-Str. 9<\/p>\n<p>07545 Gera<\/p>\n<p>Deutschland<\/p>\n<p>Telefon: 036522787249<\/p>\n<p>E-Mail: kontakt@dj-anditower-gera.de<\/p>\n<p>&nbsp;<\/p>\n<p>Kleinunternehmer gem\u00e4\u00df \u00a7 19 UStG<\/p>\n<p>&nbsp;<\/p>\n<p>Die Europ\u00e4ische Kommission stellt eine Plattform zur Online-Streitbeilegung (OS) bereit, die Sie hier finden https:\/\/ec.europa.eu\/consumers\/odr\/.<\/p>\n<p>Wir sind bereit, an einem au\u00dfergerichtlichen Schlichtungsverfahren vor einer Verbraucherschlichtungsstelle teilzunehmen.<\/p>\n<p>Zust\u00e4ndig ist die Allgemeine Verbraucherschlichtungsstelle des Zentrums f\u00fcr Schlichtung e.V., Stra\u00dfburger Stra\u00dfe 8, 77694 Kehl am Rhein, www.verbraucher-schlichter.de.<\/p>\n<p>&nbsp;<\/p>\n<p>Impressum erstellt mit dem Trusted Shops Rechtstexter in Kooperation mit Wilde Beuger Solmecke Rechtsanw\u00e4lte.<\/p>\n<p>&nbsp;<\/p>\n<p>[gzd_complaints]<\/p>\n<p>[\/et_pb_text][et_pb_divider color=&#8220;#110159&#8243; divider_style=&#8220;dotted&#8220; divider_weight=&#8220;5px&#8220; _builder_version=&#8220;4.16&#8243; global_colors_info=&#8220;{}&#8220;][\/et_pb_divider][\/et_pb_column][\/et_pb_row][\/et_pb_section][et_pb_section fb_built=&#8220;1&#8243; admin_label=&#8220;Section&#8220; _builder_version=&#8220;4.16&#8243; background_color=&#8220;#4a0001&#8243; custom_padding=&#8220;0px||0px|&#8220; custom_padding_tablet=&#8220;0px||0px|&#8220; transparent_background=&#8220;off&#8220; padding_mobile=&#8220;on&#8220; make_fullwidth=&#8220;off&#8220; use_custom_width=&#8220;off&#8220; width_unit=&#8220;on&#8220; global_colors_info=&#8220;{}&#8220;][et_pb_row column_structure=&#8220;1_4,1_2,1_4&#8243; padding_mobile=&#8220;on&#8220; column_padding_mobile=&#8220;on&#8220; admin_label=&#8220;Row&#8220; module_class=&#8220; et_pb_row_fullwidth&#8220; _builder_version=&#8220;4.16&#8243; background_size=&#8220;initial&#8220; background_position=&#8220;top_left&#8220; background_repeat=&#8220;repeat&#8220; width=&#8220;94%&#8220; width_tablet=&#8220;80%&#8220; width_phone=&#8220;&#8220; width_last_edited=&#8220;on|desktop&#8220; max_width=&#8220;94%&#8220; max_width_tablet=&#8220;80%&#8220; max_width_phone=&#8220;&#8220; max_width_last_edited=&#8220;on|desktop&#8220; custom_padding=&#8220;30px||30px|&#8220; make_fullwidth=&#8220;on&#8220; use_custom_width=&#8220;off&#8220; width_unit=&#8220;on&#8220; global_colors_info=&#8220;{}&#8220;][et_pb_column type=&#8220;1_4&#8243; _builder_version=&#8220;4.16&#8243; custom_padding=&#8220;|||&#8220; global_colors_info=&#8220;{}&#8220; custom_padding__hover=&#8220;|||&#8220;][et_pb_menu menu_id=&#8220;2&#8243; menu_style=&#8220;centered&#8220; submenu_direction=&#8220;upwards&#8220; _builder_version=&#8220;4.16&#8243; menu_text_color=&#8220;#FFFFFF&#8220; background_color=&#8220;#4a0001&#8243; global_colors_info=&#8220;{}&#8220;][\/et_pb_menu][\/et_pb_column][et_pb_column type=&#8220;1_2&#8243; _builder_version=&#8220;4.16&#8243; custom_padding=&#8220;|||&#8220; global_colors_info=&#8220;{}&#8220; custom_padding__hover=&#8220;|||&#8220;][et_pb_text admin_label=&#8220;Text&#8220; _builder_version=&#8220;4.16&#8243; text_font=&#8220;Raleway|on|||&#8220; text_text_color=&#8220;#ffffff&#8220; text_font_size=&#8220;28&#8243; text_line_height=&#8220;1.4em&#8220; background_size=&#8220;initial&#8220; background_position=&#8220;top_left&#8220; background_repeat=&#8220;repeat&#8220; custom_margin=&#8220;||8px|&#8220; custom_css_main_element=&#8220;font-weight: 800;&#8220; use_border_color=&#8220;off&#8220; border_color=&#8220;#ffffff&#8220; border_style=&#8220;solid&#8220; global_colors_info=&#8220;{}&#8220;]<\/p>\n<div style=\"display: inline; text-align: center;\">Social media\u00a0 \u00a0<span style=\"font-weight: normal; vertical-align: middle; color: #888; font-size: 14px;\"><em>Folge. like und bewerte mich bei Facebook und Google+. Ich freue mich \u00fcber jeden Daumenhoch!\u00a0<\/em><\/span><\/div>\n<p>[\/et_pb_text][\/et_pb_column][et_pb_column type=&#8220;1_4&#8243; _builder_version=&#8220;4.16&#8243; custom_padding=&#8220;|||&#8220; global_colors_info=&#8220;{}&#8220; custom_padding__hover=&#8220;|||&#8220;][et_pb_social_media_follow url_new_window=&#8220;off&#8220; admin_label=&#8220;Social Media Follow&#8220; _builder_version=&#8220;4.16&#8243; text_orientation=&#8220;left&#8220; custom_css_main_element=&#8220;float:right;&#8220; border_radii=&#8220;on|100%|100%|100%|100%&#8220; link_shape=&#8220;circle&#8220; global_colors_info=&#8220;{}&#8220;][et_pb_social_media_follow_network social_network=&#8220;facebook&#8220; url=&#8220;https:\/\/www.facebook.com\/dj.anditower.de\/&#8220; _builder_version=&#8220;4.16&#8243; background_color=&#8220;#3b5998&#8243; bg_color=&#8220;#3b5998&#8243; global_colors_info=&#8220;{}&#8220; follow_button=&#8220;off&#8220; url_new_window=&#8220;off&#8220;]<\/p>\n<p>facebook<\/p>\n<p>[\/et_pb_social_media_follow_network][et_pb_social_media_follow_network social_network=&#8220;google-plus&#8220; url=&#8220;https:\/\/www.google.com\/maps\/place\/DJ+Anditower\/@50.8804574,12.0819335,15z\/data=!4m5!3m4!1s0x0:0x8a125b52cc19c60b!8m2!3d50.8804574!4d12.0819335&#8243; _builder_version=&#8220;4.16&#8243; background_color=&#8220;#dd4b39&#8243; bg_color=&#8220;#dd4b39&#8243; global_colors_info=&#8220;{}&#8220; follow_button=&#8220;off&#8220; url_new_window=&#8220;off&#8220;]<\/p>\n<p>Google+<\/p>\n<p>[\/et_pb_social_media_follow_network][\/et_pb_social_media_follow][\/et_pb_column][\/et_pb_row][\/et_pb_section]<\/p>\n","protected":false},"excerpt":{"rendered":"<p>DJAnditowerImpressum\u201eDJ Anditower\u201c Inhaber: Andreas Jehmlich Friedrich-Engels-Str. 9 07545 Gera Deutschland Telefon: 036522787249 E-Mail: kontakt@dj-anditower-gera.de &nbsp; Kleinunternehmer gem\u00e4\u00df \u00a7 19 UStG &nbsp; Die Europ\u00e4ische Kommission stellt eine Plattform zur Online-Streitbeilegung (OS) bereit, die Sie hier finden https:\/\/ec.europa.eu\/consumers\/odr\/. Wir sind bereit, an einem au\u00dfergerichtlichen Schlichtungsverfahren vor einer Verbraucherschlichtungsstelle teilzunehmen. Zust\u00e4ndig ist die Allgemeine Verbraucherschlichtungsstelle des Zentrums f\u00fcr [&hellip;]<\/p>\n","protected":false},"author":1,"featured_media":0,"parent":0,"menu_order":0,"comment_status":"closed","ping_status":"closed","template":"","meta":{"_et_pb_use_builder":"on","_et_pb_old_content":"","_et_gb_content_width":"","footnotes":""},"class_list":["post-16","page","type-page","status-publish","hentry"],"yoast_head":"<!-- This site is optimized with the Yoast SEO plugin v26.6 - https:\/\/yoast.com\/wordpress\/plugins\/seo\/ -->\n<title>Impressum ~ DJ Anditower<\/title>\n<meta name=\"robots\" content=\"noindex, nofollow\" \/>\n<meta property=\"og:locale\" content=\"de_DE\" \/>\n<meta property=\"og:type\" content=\"article\" \/>\n<meta property=\"og:title\" content=\"Impressum ~ DJ Anditower\" \/>\n<meta property=\"og:description\" content=\"DJAnditowerImpressum\u201eDJ Anditower\u201c Inhaber: Andreas Jehmlich Friedrich-Engels-Str. 9 07545 Gera Deutschland Telefon: 036522787249 E-Mail: kontakt@dj-anditower-gera.de &nbsp; Kleinunternehmer gem\u00e4\u00df \u00a7 19 UStG &nbsp; Die Europ\u00e4ische Kommission stellt eine Plattform zur Online-Streitbeilegung (OS) bereit, die Sie hier finden https:\/\/ec.europa.eu\/consumers\/odr\/. Wir sind bereit, an einem au\u00dfergerichtlichen Schlichtungsverfahren vor einer Verbraucherschlichtungsstelle teilzunehmen. Zust\u00e4ndig ist die Allgemeine Verbraucherschlichtungsstelle des Zentrums f\u00fcr [&hellip;]\" \/>\n<meta property=\"og:url\" content=\"https:\/\/dj-anditower-gera.de\/index.php\/impressum\/\" \/>\n<meta property=\"og:site_name\" content=\"DJ Anditower\" \/>\n<meta property=\"article:modified_time\" content=\"2024-10-22T10:49:53+00:00\" \/>\n<meta name=\"twitter:card\" content=\"summary_large_image\" \/>\n<meta name=\"twitter:label1\" content=\"Gesch\u00e4tzte Lesezeit\" \/>\n\t<meta name=\"twitter:data1\" content=\"6\u00a0Minuten\" \/>\n<script type=\"application\/ld+json\" class=\"yoast-schema-graph\">{\"@context\":\"https:\/\/schema.org\",\"@graph\":[{\"@type\":\"WebPage\",\"@id\":\"https:\/\/dj-anditower-gera.de\/index.php\/impressum\/\",\"url\":\"https:\/\/dj-anditower-gera.de\/index.php\/impressum\/\",\"name\":\"Impressum ~ DJ Anditower\",\"isPartOf\":{\"@id\":\"https:\/\/dj-anditower-gera.de\/#website\"},\"datePublished\":\"2020-07-23T14:09:50+00:00\",\"dateModified\":\"2024-10-22T10:49:53+00:00\",\"breadcrumb\":{\"@id\":\"https:\/\/dj-anditower-gera.de\/index.php\/impressum\/#breadcrumb\"},\"inLanguage\":\"de\",\"potentialAction\":[{\"@type\":\"ReadAction\",\"target\":[\"https:\/\/dj-anditower-gera.de\/index.php\/impressum\/\"]}]},{\"@type\":\"BreadcrumbList\",\"@id\":\"https:\/\/dj-anditower-gera.de\/index.php\/impressum\/#breadcrumb\",\"itemListElement\":[{\"@type\":\"ListItem\",\"position\":1,\"name\":\"Startseite\",\"item\":\"https:\/\/dj-anditower-gera.de\/\"},{\"@type\":\"ListItem\",\"position\":2,\"name\":\"Impressum\"}]},{\"@type\":\"WebSite\",\"@id\":\"https:\/\/dj-anditower-gera.de\/#website\",\"url\":\"https:\/\/dj-anditower-gera.de\/\",\"name\":\"DJ Anditower\",\"description\":\"Party-DJ f\u00fcr private Feiern\",\"potentialAction\":[{\"@type\":\"SearchAction\",\"target\":{\"@type\":\"EntryPoint\",\"urlTemplate\":\"https:\/\/dj-anditower-gera.de\/?s={search_term_string}\"},\"query-input\":{\"@type\":\"PropertyValueSpecification\",\"valueRequired\":true,\"valueName\":\"search_term_string\"}}],\"inLanguage\":\"de\"}]}<\/script>\n<!-- \/ Yoast SEO plugin. -->","yoast_head_json":{"title":"Impressum ~ DJ Anditower","robots":{"index":"noindex","follow":"nofollow"},"og_locale":"de_DE","og_type":"article","og_title":"Impressum ~ DJ Anditower","og_description":"DJAnditowerImpressum\u201eDJ Anditower\u201c Inhaber: Andreas Jehmlich Friedrich-Engels-Str. 9 07545 Gera Deutschland Telefon: 036522787249 E-Mail: kontakt@dj-anditower-gera.de &nbsp; Kleinunternehmer gem\u00e4\u00df \u00a7 19 UStG &nbsp; Die Europ\u00e4ische Kommission stellt eine Plattform zur Online-Streitbeilegung (OS) bereit, die Sie hier finden https:\/\/ec.europa.eu\/consumers\/odr\/. Wir sind bereit, an einem au\u00dfergerichtlichen Schlichtungsverfahren vor einer Verbraucherschlichtungsstelle teilzunehmen. Zust\u00e4ndig ist die Allgemeine Verbraucherschlichtungsstelle des Zentrums f\u00fcr [&hellip;]","og_url":"https:\/\/dj-anditower-gera.de\/index.php\/impressum\/","og_site_name":"DJ Anditower","article_modified_time":"2024-10-22T10:49:53+00:00","twitter_card":"summary_large_image","twitter_misc":{"Gesch\u00e4tzte Lesezeit":"6\u00a0Minuten"},"schema":{"@context":"https:\/\/schema.org","@graph":[{"@type":"WebPage","@id":"https:\/\/dj-anditower-gera.de\/index.php\/impressum\/","url":"https:\/\/dj-anditower-gera.de\/index.php\/impressum\/","name":"Impressum ~ DJ Anditower","isPartOf":{"@id":"https:\/\/dj-anditower-gera.de\/#website"},"datePublished":"2020-07-23T14:09:50+00:00","dateModified":"2024-10-22T10:49:53+00:00","breadcrumb":{"@id":"https:\/\/dj-anditower-gera.de\/index.php\/impressum\/#breadcrumb"},"inLanguage":"de","potentialAction":[{"@type":"ReadAction","target":["https:\/\/dj-anditower-gera.de\/index.php\/impressum\/"]}]},{"@type":"BreadcrumbList","@id":"https:\/\/dj-anditower-gera.de\/index.php\/impressum\/#breadcrumb","itemListElement":[{"@type":"ListItem","position":1,"name":"Startseite","item":"https:\/\/dj-anditower-gera.de\/"},{"@type":"ListItem","position":2,"name":"Impressum"}]},{"@type":"WebSite","@id":"https:\/\/dj-anditower-gera.de\/#website","url":"https:\/\/dj-anditower-gera.de\/","name":"DJ Anditower","description":"Party-DJ f\u00fcr private Feiern","potentialAction":[{"@type":"SearchAction","target":{"@type":"EntryPoint","urlTemplate":"https:\/\/dj-anditower-gera.de\/?s={search_term_string}"},"query-input":{"@type":"PropertyValueSpecification","valueRequired":true,"valueName":"search_term_string"}}],"inLanguage":"de"}]}},"_links":{"self":[{"href":"https:\/\/dj-anditower-gera.de\/index.php\/wp-json\/wp\/v2\/pages\/16","targetHints":{"allow":["GET"]}}],"collection":[{"href":"https:\/\/dj-anditower-gera.de\/index.php\/wp-json\/wp\/v2\/pages"}],"about":[{"href":"https:\/\/dj-anditower-gera.de\/index.php\/wp-json\/wp\/v2\/types\/page"}],"author":[{"embeddable":true,"href":"https:\/\/dj-anditower-gera.de\/index.php\/wp-json\/wp\/v2\/users\/1"}],"replies":[{"embeddable":true,"href":"https:\/\/dj-anditower-gera.de\/index.php\/wp-json\/wp\/v2\/comments?post=16"}],"version-history":[{"count":7,"href":"https:\/\/dj-anditower-gera.de\/index.php\/wp-json\/wp\/v2\/pages\/16\/revisions"}],"predecessor-version":[{"id":4447,"href":"https:\/\/dj-anditower-gera.de\/index.php\/wp-json\/wp\/v2\/pages\/16\/revisions\/4447"}],"wp:attachment":[{"href":"https:\/\/dj-anditower-gera.de\/index.php\/wp-json\/wp\/v2\/media?parent=16"}],"curies":[{"name":"wp","href":"https:\/\/api.w.org\/{rel}","templated":true}]}}